{"id":2019,"date":"2021-12-07T09:20:17","date_gmt":"2021-12-07T08:20:17","guid":{"rendered":"https:\/\/www.gwa-anklam.de\/?page_id=2019"},"modified":"2024-08-26T11:06:17","modified_gmt":"2024-08-26T09:06:17","slug":"impressum","status":"publish","type":"page","link":"https:\/\/www.gwa-anklam.de\/pl\/impressum\/","title":{"rendered":"Impressum"},"content":{"rendered":"<p class=\"p1\">Grundst\u00fccks- und Wohnungswirtschafts GmbH Anklam<\/p>\n<p class=\"p1\">Stockholmer Stra\u00dfe 21 17389 Anklam<\/p>\n<p class=\"p1\">Telefon: 03971\/20 92-0 Faks: 03971\/20 92 21<\/p>\n<p class=\"p1\">E-mail: info@gwa-anklam.de<\/p>\n<p class=\"p1\">Zarz\u0105d:<\/p>\n<p class=\"p1\">Jens Kiel,Beatrix Wittmann-Stifft<\/p>\n<p class=\"p1\">Przewodnicz\u0105cy Rady Nadzorczej: Norbert Gehrke<\/p>\n<p class=\"p1\">Numer podatkowy: 084\/125\/00068<\/p>\n<p class=\"p1\">Rejestr handlowy: HRB 10136 S\u0105d rejonowy Neubrandenburg W\u0142a\u015bciwa izba: IHK Neubrandenburg Organ nadzorczy: Okr\u0119gowy organ nadzoru prawnego OVP<\/p>\n<p class=\"p1\">Informacje zgodnie z \u00a7 36 VSBG (ustawa o rozstrzyganiu spor\u00f3w konsumenckich)<\/p>\n<p class=\"p1\">Nie mamy zamiaru ani obowi\u0105zku uczestniczy\u0107 w procedurze rozstrzygania spor\u00f3w przed komisj\u0105 arbitra\u017cow\u0105 ds. konsument\u00f3w w celu rozstrzygania spor\u00f3w z konsumentami (np. spor\u00f3w dotycz\u0105cych wynajmu).<\/p>\n<p class=\"p1\">Informacje zgodnie z \u00a7 37 VSBG po powstaniu sporu<\/p>\n<p class=\"p1\">W\u0142a\u015bciw\u0105 komisj\u0105 arbitra\u017cow\u0105 po wyst\u0105pieniu sporu i nieudanej wewn\u0119trznej pr\u00f3bie arbitra\u017cu jest:<\/p>\n<p class=\"p1\">Centrum Arbitra\u017cu Konsumenckiego e.V. Kehl<\/p>\n<p class=\"p1\">Og\u00f3lne Centrum Arbitra\u017cu Konsumenckiego Centrum Arbitra\u017cu e.V. Stra\u00dfburger Stra\u00dfe 8 77694 Kehl am Rhein<\/p>\n<p class=\"p1\">Telefon: 07851 \/ 795 79 40, Fax: 07851 \/ 795 79 41<\/p>\n<p class=\"p1\">E-mail: mail@verbraucher-schlichter.de<\/p>\n<p class=\"p1\">Nie jeste\u015bmy sk\u0142onni ani zobowi\u0105zani do udzia\u0142u w post\u0119powaniu arbitra\u017cowym po powstaniu sporu.<\/p>\n<p class=\"p1\">Organem nadzorczym dla transakcji wymagaj\u0105cych licencji zgodnie z \u00a7 34 c GewO jest Hanzeatyckie Miasto Anklam.<\/p>\n<p class=\"p1\"><strong>Wy\u0142\u0105czenie odpowiedzialno\u015bci &#8211; informacje prawne<\/strong><\/p>\n<p class=\"p1\"><strong>(1) Ograniczenie odpowiedzialno\u015bci<\/strong><\/p>\n<p class=\"p1\"><strong>Zawarto\u015b\u0107 niniejszej strony internetowej<\/strong><\/p>\n<p class=\"p1\">Zawarto\u015b\u0107 tej strony internetowej zosta\u0142a stworzona z najwi\u0119ksz\u0105 mo\u017cliw\u0105 staranno\u015bci\u0105. Dostawca nie ponosi jednak odpowiedzialno\u015bci za dok\u0142adno\u015b\u0107, kompletno\u015b\u0107 i aktualno\u015b\u0107 udost\u0119pnianych tre\u015bci. U\u017cytkownik korzysta z tre\u015bci na w\u0142asne ryzyko. Tre\u015bci oznaczone imieniem i nazwiskiem odzwierciedlaj\u0105 opini\u0119 danego autora, a nie zawsze opini\u0119 dostawcy.<\/p>\n<p class=\"p1\"><strong>Dost\u0119pno\u015b\u0107 strony internetowej<\/strong><\/p>\n<p class=\"p1\">Dostawca do\u0142o\u017cy wszelkich stara\u0144, aby oferowa\u0107 us\u0142ug\u0119 wyszukiwania z jak najmniejsz\u0105 liczb\u0105 przerw. Jednak nawet przy zachowaniu nale\u017cytej staranno\u015bci nie mo\u017cna wykluczy\u0107 przestoj\u00f3w. Dostawca zastrzega sobie prawo do zmiany lub zaprzestania \u015bwiadczenia us\u0142ugi w dowolnym momencie.<\/p>\n<p class=\"p1\"><strong>\u0141\u0105cza zewn\u0119trzne<\/strong><\/p>\n<p class=\"p1\">Niniejsza witryna internetowa zawiera \u0142\u0105cza do witryn internetowych os\u00f3b trzecich (&#8222;\u0142\u0105cza zewn\u0119trzne&#8221;). Strony te podlegaj\u0105 odpowiedzialno\u015bci odpowiednich operator\u00f3w. Kiedy linki zewn\u0119trzne zosta\u0142y utworzone po raz pierwszy, dostawca sprawdzi\u0142 zawarto\u015b\u0107 stron trzecich pod k\u0105tem ewentualnych narusze\u0144 prawa. W tym czasie nie stwierdzono \u017cadnych narusze\u0144 prawa. Dostawca nie ma \u017cadnego wp\u0142ywu na aktualny i przysz\u0142y wygl\u0105d oraz tre\u015b\u0107 stron, do kt\u00f3rych prowadz\u0105 linki. W\u0142\u0105czenie link\u00f3w zewn\u0119trznych nie oznacza, \u017ce dostawca przyjmuje tre\u015bci znajduj\u0105ce si\u0119 za odno\u015bnikiem lub linkiem jako w\u0142asne. Nie jest uzasadnione, aby dostawca stale monitorowa\u0142 te linki zewn\u0119trzne bez konkretnych dowod\u00f3w naruszenia prawa. Takie linki zewn\u0119trzne zostan\u0105 jednak natychmiast usuni\u0119te, je\u015bli dowiemy si\u0119 o jakichkolwiek naruszeniach prawa.<\/p>\n<p class=\"p1\"><strong>Reklamy<\/strong><\/p>\n<p class=\"p1\">Odpowiedni autor jest odpowiedzialny za tre\u015b\u0107 reklam, a tak\u017ce za tre\u015b\u0107 reklamowanej strony internetowej. Prezentacja og\u0142oszenia nie oznacza jego akceptacji przez dostawc\u0119.<\/p>\n<p class=\"p1\"><strong>Brak stosunku umownego<\/strong><\/p>\n<p class=\"p1\">Korzystanie ze strony internetowej dostawcy nie tworzy \u017cadnego stosunku umownego mi\u0119dzy u\u017cytkownikiem a dostawc\u0105. W zwi\u0105zku z tym nie istniej\u0105 \u017cadne roszczenia umowne ani quasi-umowne wobec dostawcy. W przypadku, gdy korzystanie ze strony internetowej doprowadzi jednak do powstania stosunku umownego, nast\u0119puj\u0105ce ograniczenie odpowiedzialno\u015bci ma zastosowanie wy\u0142\u0105cznie jako \u015brodek ostro\u017cno\u015bci: Dostawca ponosi odpowiedzialno\u015b\u0107 za umy\u015blne dzia\u0142anie i ra\u017c\u0105ce niedbalstwo, a tak\u017ce za naruszenie istotnego zobowi\u0105zania umownego (zobowi\u0105zanie kardynalne). Us\u0142ugodawca ponosi odpowiedzialno\u015b\u0107, ograniczon\u0105 do odszkodowania za szkody mo\u017cliwe do przewidzenia w momencie zawarcia umowy i typowe dla umowy, za takie szkody, kt\u00f3re wynikaj\u0105 z nieznacznego zaniedbania naruszenia obowi\u0105zk\u00f3w kardynalnych przez us\u0142ugodawc\u0119 lub jednego z jego przedstawicieli prawnych lub zast\u0119pc\u00f3w. Us\u0142ugodawca nie ponosi odpowiedzialno\u015bci za nieznacznie niedba\u0142e naruszenie obowi\u0105zk\u00f3w drugorz\u0119dnych, kt\u00f3re nie s\u0105 obowi\u0105zkami kardynalnymi. Odpowiedzialno\u015b\u0107 za szkody, kt\u00f3re wchodz\u0105 w zakres ochrony gwarancji lub zapewnienia udzielonego przez us\u0142ugodawc\u0119, jak r\u00f3wnie\u017c odpowiedzialno\u015b\u0107 za roszczenia wynikaj\u0105ce z ustawy o odpowiedzialno\u015bci za produkt oraz szkody wynikaj\u0105ce z uszczerbku na \u017cyciu, ciele lub zdrowiu pozostaj\u0105 nienaruszone.<\/p>\n<p class=\"p1\"><strong>(2) Prawa autorskie<\/strong><\/p>\n<p class=\"p1\">Tre\u015bci i dzie\u0142a opublikowane na tej stronie internetowej s\u0105 chronione prawem autorskim. Ka\u017cde u\u017cycie niedozwolone przez niemieckie prawo autorskie wymaga uprzedniej pisemnej zgody odpowiedniego autora lub tw\u00f3rcy. Dotyczy to w szczeg\u00f3lno\u015bci powielania, edytowania, t\u0142umaczenia, przechowywania, przetwarzania lub powielania tre\u015bci w bazach danych lub innych mediach i systemach elektronicznych. Tre\u015bci i wk\u0142ad os\u00f3b trzecich s\u0105 oznaczone jako takie. Nieautoryzowane powielanie lub rozpowszechnianie poszczeg\u00f3lnych tre\u015bci lub ca\u0142ych stron jest niedozwolone i podlega karze. Dozwolone jest wy\u0142\u0105cznie tworzenie kopii i pobieranie plik\u00f3w do u\u017cytku osobistego, prywatnego i niekomercyjnego.<\/p>\n<p class=\"p1\">Linki do strony internetowej dostawcy s\u0105 mile widziane w dowolnym momencie i nie wymagaj\u0105 zgody dostawcy strony internetowej. Wy\u015bwietlanie tej witryny w zewn\u0119trznych ramkach jest dozwolone wy\u0142\u0105cznie po uzyskaniu autoryzacji.<\/p>\n<p class=\"p1\"><strong>(3) Ochrona danych<\/strong><\/p>\n<p class=\"p1\">Gdy u\u017cytkownik odwiedza stron\u0119 internetow\u0105 dostawcy, informacje o dost\u0119pie (data, godzina, przegl\u0105dana strona) mog\u0105 by\u0107 przechowywane na serwerze. Dane te nie s\u0105 danymi osobowymi, lecz s\u0105 zanonimizowane. S\u0105 one analizowane wy\u0142\u0105cznie do cel\u00f3w statystycznych. Nie s\u0105 one przekazywane stronom trzecim w celach komercyjnych lub niekomercyjnych.<\/p>\n<p class=\"p1\">Ponadto dane mog\u0105 by\u0107 przechowywane na komputerze u\u017cytkownika witryny. Dane te nazywane s\u0105 &#8222;plikami cookie&#8221; i s\u0105 wykorzystywane w celu uproszczenia dost\u0119pu u\u017cytkownika. U\u017cytkownik ma jednak mo\u017cliwo\u015b\u0107 dezaktywacji tej funkcji w odpowiedniej przegl\u0105darce internetowej. W takim przypadku u\u017cyteczno\u015b\u0107 naszej strony internetowej mo\u017ce by\u0107 jednak ograniczona.<\/p>\n<p class=\"p1\">Dostawca wyra\u017anie zwraca uwag\u0119, \u017ce transmisja danych przez Internet (np. podczas komunikacji za po\u015brednictwem poczty elektronicznej) podlega lukom w zabezpieczeniach i nie mo\u017ce by\u0107 ca\u0142kowicie chroniona przed dost\u0119pem os\u00f3b trzecich.<\/p>\n<p class=\"p1\">Wykorzystanie danych kontaktowych do identyfikacji dostawcy &#8211; w szczeg\u00f3lno\u015bci numer\u00f3w telefonu\/faksu i adresu e-mail &#8211; do cel\u00f3w reklamy komercyjnej jest wyra\u017anie niepo\u017c\u0105dane, chyba \u017ce dostawca udzieli\u0142 uprzedniej pisemnej zgody lub istnieje ju\u017c kontakt biznesowy. Dostawca i wszystkie osoby wymienione na tej stronie internetowej niniejszym sprzeciwiaj\u0105 si\u0119 komercyjnemu wykorzystywaniu i ujawnianiu ich danych.<\/p>\n<p class=\"p1\"><strong>(4) Prawo w\u0142a\u015bciwego post\u0119powania<\/strong><\/p>\n<p class=\"p1\">Zastosowanie ma wy\u0142\u0105cznie obowi\u0105zuj\u0105ce prawo Republiki Federalnej Niemiec.<\/p>\n<p class=\"p1\"><strong>(5) Szczeg\u00f3lne warunki u\u017cytkowania<\/strong><\/p>\n<p class=\"p1\">W zakresie, w jakim specjalne warunki dotycz\u0105ce indywidualnego korzystania z tej strony internetowej odbiegaj\u0105 od wy\u017cej wymienionych punkt\u00f3w (1) do (4), zostanie to wyra\u017anie wskazane w odpowiednim punkcie. W takim przypadku specjalne warunki u\u017cytkowania maj\u0105 zastosowanie w ka\u017cdym indywidualnym przypadku.<\/p>\n<p class=\"p1\">\u0179r\u00f3d\u0142o: Wy\u0142\u0105czenie odpowiedzialno\u015bci Juraforum.de &#8211; Portal prawniczy z wyszukiwark\u0105 prawnik\u00f3w<\/p><\/p>\n","protected":false},"excerpt":{"rendered":"<p>Grundst\u00fccks- und Wohnungswirtschafts GmbH Anklam Stockholmer Stra\u00dfe 21 17389 Anklam Telefon: 03971\/20 92-0 Faks: 03971\/20 92 21 E-mail: info@gwa-anklam.de Zarz\u0105d: Jens Kiel,Beatrix Wittmann-Stifft Przewodnicz\u0105cy Rady Nadzorczej: Norbert Gehrke Numer podatkowy: 084\/125\/00068 Rejestr handlowy: HRB 10136 S\u0105d rejonowy Neubrandenburg W\u0142a\u015bciwa izba: IHK Neubrandenburg Organ nadzorczy: Okr\u0119gowy organ nadzoru prawnego OVP Informacje zgodnie z \u00a7 36 VSBG [&hellip;]<\/p>\n","protected":false},"author":1,"featured_media":0,"parent":0,"menu_order":22,"comment_status":"closed","ping_status":"closed","template":"","meta":[],"acf":[],"_links":{"self":[{"href":"https:\/\/www.gwa-anklam.de\/pl\/wp-json\/wp\/v2\/pages\/2019"}],"collection":[{"href":"https:\/\/www.gwa-anklam.de\/pl\/wp-json\/wp\/v2\/pages"}],"about":[{"href":"https:\/\/www.gwa-anklam.de\/pl\/wp-json\/wp\/v2\/types\/page"}],"author":[{"embeddable":true,"href":"https:\/\/www.gwa-anklam.de\/pl\/wp-json\/wp\/v2\/users\/1"}],"replies":[{"embeddable":true,"href":"https:\/\/www.gwa-anklam.de\/pl\/wp-json\/wp\/v2\/comments?post=2019"}],"version-history":[{"count":0,"href":"https:\/\/www.gwa-anklam.de\/pl\/wp-json\/wp\/v2\/pages\/2019\/revisions"}],"wp:attachment":[{"href":"https:\/\/www.gwa-anklam.de\/pl\/wp-json\/wp\/v2\/media?parent=2019"}],"curies":[{"name":"wp","href":"https:\/\/api.w.org\/{rel}","templated":true}]}}